{"id":996,"date":"2022-05-26T11:32:05","date_gmt":"2022-05-26T11:32:05","guid":{"rendered":"https:\/\/agroptima.net\/kookle\/product\/new-forms-of-creative-writing\/"},"modified":"2023-07-02T19:36:34","modified_gmt":"2023-07-02T19:36:34","slug":"new-forms-of-creative-writing","status":"publish","type":"product","link":"https:\/\/koockle.com\/sq\/produkt\/new-forms-of-creative-writing\/","title":{"rendered":"Forma t\u00eb reja t\u00eb shkrimit kreativ"},"content":{"rendered":"<p dir=\"ltr\" style=\"text-align: left;\"><span lang=\"mk\" xml:lang=\"mk\">Ky kurs fillestar do t\u00eb ju ndihmoj\u00eb me bazat e t\u00eb shkruarit, krijimin e nj\u00eb strukture bazike, krijimin e personazheve dhe situatave dramatike, trajtimin e zvarritjes fillestare dhe bllokimit t\u00eb shkrimtarit, duke ju dh\u00ebn\u00eb ushtrime t\u00eb thjeshta n\u00eb fund t\u00eb \u00e7do ligjerate q\u00eb praktikisht, shpejt\u00eb dhe leht\u00eb mund t\u00eb ju sjellin n\u00eb rezultatet e d\u00ebshiruara.<\/span><\/p>","protected":false},"excerpt":{"rendered":"<p><span style=\"font-weight: 400;\">Edukatore \u2013 Kristina Hristova Nikolova<\/span><\/p>\n<p><span style=\"font-weight: 400;\">Kursi p\u00ebr shkrim kreativ \u00ebsht\u00eb paramenduar si hyrje p\u00ebr shkrimin kreativ nga nj\u00eb k\u00ebndv\u00ebshtrim teorik i cili do t\u00eb ju ndihmoj\u00eb t\u00eb fitoni aft\u00ebsi t\u00eb caktuara n\u00eb k\u00ebt\u00eb fush\u00eb dhe q\u00eb fillimisht t\u00eb zhyteni n\u00eb nj\u00eb aventur\u00eb emocionuese e ashtuquajtur shkrim pavar\u00ebsisht\u00eb asaj se a doni t\u00eb shkruani tregime t\u00eb shkurta, romane, drama, reklama, fjalime politike ose korporative ose krejt\u00ebsisht\u00eb di\u00e7ka tjet\u00ebr.\u00a0<\/span><\/p>","protected":false},"featured_media":1460,"template":"","meta":{"nf_dc_page":"","site-sidebar-layout":"default","site-content-layout":"default","ast-site-content-layout":"default","site-content-style":"default","site-sidebar-style":"default","ast-global-header-display":"","ast-banner-title-visibility":"","ast-main-header-display":"","ast-hfb-above-header-display":"","ast-hfb-below-header-display":"","ast-hfb-mobile-header-display":"","site-post-title":"","ast-breadcrumbs-content":"","ast-featured-img":"","footer-sml-layout":"","ast-disable-related-posts":"","theme-transparent-header-meta":"default","adv-header-id-meta":"","stick-header-meta":"","header-above-stick-meta":"","header-main-stick-meta":"","header-below-stick-meta":"","astra-migrate-meta-layouts":"default","ast-page-background-enabled":"default","ast-page-background-meta":{"desktop":{"background-color":"","background-image":"","background-repeat":"repeat","background-position":"center center","background-size":"auto","background-attachment":"scroll","background-type":"","background-media":"","overlay-type":"","overlay-color":"","overlay-opacity":"","overlay-gradient":""},"tablet":{"background-color":"","background-image":"","background-repeat":"repeat","background-position":"center center","background-size":"auto","background-attachment":"scroll","background-type":"","background-media":"","overlay-type":"","overlay-color":"","overlay-opacity":"","overlay-gradient":""},"mobile":{"background-color":"","background-image":"","background-repeat":"repeat","background-position":"center center","background-size":"auto","background-attachment":"scroll","background-type":"","background-media":"","overlay-type":"","overlay-color":"","overlay-opacity":"","overlay-gradient":""}},"ast-content-background-meta":{"desktop":{"background-color":"var(--ast-global-color-5)","background-image":"","background-repeat":"repeat","background-position":"center center","background-size":"auto","background-attachment":"scroll","background-type":"","background-media":"","overlay-type":"","overlay-color":"","overlay-opacity":"","overlay-gradient":""},"tablet":{"background-color":"var(--ast-global-color-5)","background-image":"","background-repeat":"repeat","background-position":"center center","background-size":"auto","background-attachment":"scroll","background-type":"","background-media":"","overlay-type":"","overlay-color":"","overlay-opacity":"","overlay-gradient":""},"mobile":{"background-color":"var(--ast-global-color-5)","background-image":"","background-repeat":"repeat","background-position":"center center","background-size":"auto","background-attachment":"scroll","background-type":"","background-media":"","overlay-type":"","overlay-color":"","overlay-opacity":"","overlay-gradient":""}}},"product_brand":[],"product_cat":[20],"product_tag":[],"class_list":{"0":"post-996","1":"product","2":"type-product","3":"status-publish","4":"has-post-thumbnail","6":"product_cat-learning","7":"desktop-align-left","8":"tablet-align-left","9":"mobile-align-left","11":"first","12":"instock","13":"downloadable","14":"virtual","15":"purchasable","16":"product-type-simple"},"_links":{"self":[{"href":"https:\/\/koockle.com\/sq\/wp-json\/wp\/v2\/product\/996","targetHints":{"allow":["GET"]}}],"collection":[{"href":"https:\/\/koockle.com\/sq\/wp-json\/wp\/v2\/product"}],"about":[{"href":"https:\/\/koockle.com\/sq\/wp-json\/wp\/v2\/types\/product"}],"wp:featuredmedia":[{"embeddable":true,"href":"https:\/\/koockle.com\/sq\/wp-json\/wp\/v2\/media\/1460"}],"wp:attachment":[{"href":"https:\/\/koockle.com\/sq\/wp-json\/wp\/v2\/media?parent=996"}],"wp:term":[{"taxonomy":"product_brand","embeddable":true,"href":"https:\/\/koockle.com\/sq\/wp-json\/wp\/v2\/product_brand?post=996"},{"taxonomy":"product_cat","embeddable":true,"href":"https:\/\/koockle.com\/sq\/wp-json\/wp\/v2\/product_cat?post=996"},{"taxonomy":"product_tag","embeddable":true,"href":"https:\/\/koockle.com\/sq\/wp-json\/wp\/v2\/product_tag?post=996"}],"curies":[{"name":"wp","href":"https:\/\/api.w.org\/{rel}","templated":true}]}}