{"id":1350,"date":"2023-04-12T00:16:54","date_gmt":"2023-04-12T00:16:54","guid":{"rendered":"https:\/\/koockle.com\/?post_type=product&#038;p=1350"},"modified":"2024-04-22T12:28:54","modified_gmt":"2024-04-22T12:28:54","slug":"cinematography-basics","status":"publish","type":"product","link":"https:\/\/koockle.com\/sq\/produkt\/cinematography-basics\/","title":{"rendered":"Bazat e kinematografis\u00eb"},"content":{"rendered":"<p>Filmi si art ka d\u00ebshmuar shum\u00eb koh\u00eb m\u00eb par\u00eb se kamera filmike nuk \u00ebsht\u00eb vet\u00ebm nj\u00eb mjet p\u00ebr regjistrimin e veprimit, por i jep mund\u00ebsi audienc\u00ebs q\u00eb t\u00eb perceptoj\u00eb realitetin e rikrijuar me rit\u00ebm dhe ndjenja, si\u00e7 d\u00ebshiron autori t\u2019i shkaktoj\u00eb n\u00eb t\u00eb.<\/p>","protected":false},"excerpt":{"rendered":"<p>Me ndihm\u00ebn e mjeteve t\u00eb caktuara q\u00eb p\u00ebrdor kameramani dhe m\u00ebnyra e p\u00ebrdorimit t\u00eb tyre, filmi kthehet n\u00eb produkt arti. Ky kurs i dedikohet entuziast\u00ebve, dashamir\u00ebve t\u00eb fotografis\u00eb filmike t\u00eb cil\u00ebt duan q\u00eb t\u00eb fitojn\u00eb nj\u00eb pasqyr\u00eb m\u00eb t\u00eb madhe rreth krijimit t\u00eb magjis\u00eb n\u00eb fush\u00ebn e vog\u00ebl drejtk\u00ebndore q\u00eb p\u00ebrmban kuptimin dhe mesazhin e nj\u00eb filmi.<\/p>","protected":false},"featured_media":1456,"template":"","meta":{"nf_dc_page":"","site-sidebar-layout":"default","site-content-layout":"default","ast-site-content-layout":"default","site-content-style":"default","site-sidebar-style":"default","ast-global-header-display":"","ast-banner-title-visibility":"","ast-main-header-display":"","ast-hfb-above-header-display":"","ast-hfb-below-header-display":"","ast-hfb-mobile-header-display":"","site-post-title":"","ast-breadcrumbs-content":"","ast-featured-img":"","footer-sml-layout":"","ast-disable-related-posts":"","theme-transparent-header-meta":"default","adv-header-id-meta":"","stick-header-meta":"","header-above-stick-meta":"","header-main-stick-meta":"","header-below-stick-meta":"","astra-migrate-meta-layouts":"default","ast-page-background-enabled":"default","ast-page-background-meta":{"desktop":{"background-color":"","background-image":"","background-repeat":"repeat","background-position":"center center","background-size":"auto","background-attachment":"scroll","background-type":"","background-media":"","overlay-type":"","overlay-color":"","overlay-opacity":"","overlay-gradient":""},"tablet":{"background-color":"","background-image":"","background-repeat":"repeat","background-position":"center center","background-size":"auto","background-attachment":"scroll","background-type":"","background-media":"","overlay-type":"","overlay-color":"","overlay-opacity":"","overlay-gradient":""},"mobile":{"background-color":"","background-image":"","background-repeat":"repeat","background-position":"center center","background-size":"auto","background-attachment":"scroll","background-type":"","background-media":"","overlay-type":"","overlay-color":"","overlay-opacity":"","overlay-gradient":""}},"ast-content-background-meta":{"desktop":{"background-color":"var(--ast-global-color-5)","background-image":"","background-repeat":"repeat","background-position":"center center","background-size":"auto","background-attachment":"scroll","background-type":"","background-media":"","overlay-type":"","overlay-color":"","overlay-opacity":"","overlay-gradient":""},"tablet":{"background-color":"var(--ast-global-color-5)","background-image":"","background-repeat":"repeat","background-position":"center center","background-size":"auto","background-attachment":"scroll","background-type":"","background-media":"","overlay-type":"","overlay-color":"","overlay-opacity":"","overlay-gradient":""},"mobile":{"background-color":"var(--ast-global-color-5)","background-image":"","background-repeat":"repeat","background-position":"center center","background-size":"auto","background-attachment":"scroll","background-type":"","background-media":"","overlay-type":"","overlay-color":"","overlay-opacity":"","overlay-gradient":""}}},"product_brand":[],"product_cat":[20],"product_tag":[],"class_list":{"0":"post-1350","1":"product","2":"type-product","3":"status-publish","4":"has-post-thumbnail","6":"product_cat-learning","7":"desktop-align-left","8":"tablet-align-left","9":"mobile-align-left","11":"first","12":"instock","13":"downloadable","14":"virtual","15":"purchasable","16":"product-type-simple"},"_links":{"self":[{"href":"https:\/\/koockle.com\/sq\/wp-json\/wp\/v2\/product\/1350","targetHints":{"allow":["GET"]}}],"collection":[{"href":"https:\/\/koockle.com\/sq\/wp-json\/wp\/v2\/product"}],"about":[{"href":"https:\/\/koockle.com\/sq\/wp-json\/wp\/v2\/types\/product"}],"wp:featuredmedia":[{"embeddable":true,"href":"https:\/\/koockle.com\/sq\/wp-json\/wp\/v2\/media\/1456"}],"wp:attachment":[{"href":"https:\/\/koockle.com\/sq\/wp-json\/wp\/v2\/media?parent=1350"}],"wp:term":[{"taxonomy":"product_brand","embeddable":true,"href":"https:\/\/koockle.com\/sq\/wp-json\/wp\/v2\/product_brand?post=1350"},{"taxonomy":"product_cat","embeddable":true,"href":"https:\/\/koockle.com\/sq\/wp-json\/wp\/v2\/product_cat?post=1350"},{"taxonomy":"product_tag","embeddable":true,"href":"https:\/\/koockle.com\/sq\/wp-json\/wp\/v2\/product_tag?post=1350"}],"curies":[{"name":"wp","href":"https:\/\/api.w.org\/{rel}","templated":true}]}}