{"id":1349,"date":"2023-04-11T23:55:59","date_gmt":"2023-04-11T23:55:59","guid":{"rendered":"https:\/\/koockle.com\/?post_type=product&#038;p=1349"},"modified":"2023-07-02T19:36:31","modified_gmt":"2023-07-02T19:36:31","slug":"sound-design-basics","status":"publish","type":"product","link":"https:\/\/koockle.com\/sq\/produkt\/sound-design-basics\/","title":{"rendered":"Bazat e dizajnit t\u00eb z\u00ebrit"},"content":{"rendered":"<p>Industria e filmit nuk mund t\u00eb imagjinohet pa z\u00eb. Jemi t\u00eb rrethuar nga tinguj t\u00eb p\u00ebrditsh\u00ebm q\u00eb duhet t'i p\u00ebrs\u00ebrisim n\u00eb m\u00ebnyr\u00eb krijuese n\u00eb bot\u00ebn multimediale. Ky kurs do t'ju jap\u00eb nj\u00eb ide mbi bazat dhe q\u00ebllimin e dizajnit t\u00eb z\u00ebrit dhe se si mund ta p\u00ebrdorim at\u00eb p\u00ebr t\u00eb kapur emocionet, p\u00ebr t\u00eb d\u00ebrguar nj\u00eb mesazh ose p\u00ebr t\u00eb p\u00ebrjetuar di\u00e7ka. N\u00eb fillim do t\u00eb trajtojm\u00eb bazat dhe \u00e7far\u00eb \u00ebsht\u00eb n\u00eb t\u00eb v\u00ebrtet\u00eb tingulli, si \u00ebsht\u00eb incizuar dhe mund\u00ebsit\u00eb e tij teknike dhe krijuese. N\u00ebp\u00ebrmjet k\u00ebtyre leksioneve ju do t\u00eb keni nj\u00eb mund\u00ebsi t\u00eb shk\u00eblqyer p\u00ebr t'u njohur me q\u00ebllimin e dizajnit t\u00eb tingullit dhe p\u00ebr t\u00eb hapur der\u00ebn e bot\u00ebs suaj audio krijuese-imagjinare.<\/p>","protected":false},"excerpt":{"rendered":"<p>Ilija Cvetkovski<\/p>","protected":false},"featured_media":1463,"template":"","meta":{"nf_dc_page":"","site-sidebar-layout":"default","site-content-layout":"default","ast-site-content-layout":"default","site-content-style":"default","site-sidebar-style":"default","ast-global-header-display":"","ast-banner-title-visibility":"","ast-main-header-display":"","ast-hfb-above-header-display":"","ast-hfb-below-header-display":"","ast-hfb-mobile-header-display":"","site-post-title":"","ast-breadcrumbs-content":"","ast-featured-img":"","footer-sml-layout":"","ast-disable-related-posts":"","theme-transparent-header-meta":"default","adv-header-id-meta":"","stick-header-meta":"","header-above-stick-meta":"","header-main-stick-meta":"","header-below-stick-meta":"","astra-migrate-meta-layouts":"default","ast-page-background-enabled":"default","ast-page-background-meta":{"desktop":{"background-color":"","background-image":"","background-repeat":"repeat","background-position":"center center","background-size":"auto","background-attachment":"scroll","background-type":"","background-media":"","overlay-type":"","overlay-color":"","overlay-opacity":"","overlay-gradient":""},"tablet":{"background-color":"","background-image":"","background-repeat":"repeat","background-position":"center center","background-size":"auto","background-attachment":"scroll","background-type":"","background-media":"","overlay-type":"","overlay-color":"","overlay-opacity":"","overlay-gradient":""},"mobile":{"background-color":"","background-image":"","background-repeat":"repeat","background-position":"center center","background-size":"auto","background-attachment":"scroll","background-type":"","background-media":"","overlay-type":"","overlay-color":"","overlay-opacity":"","overlay-gradient":""}},"ast-content-background-meta":{"desktop":{"background-color":"var(--ast-global-color-5)","background-image":"","background-repeat":"repeat","background-position":"center center","background-size":"auto","background-attachment":"scroll","background-type":"","background-media":"","overlay-type":"","overlay-color":"","overlay-opacity":"","overlay-gradient":""},"tablet":{"background-color":"var(--ast-global-color-5)","background-image":"","background-repeat":"repeat","background-position":"center center","background-size":"auto","background-attachment":"scroll","background-type":"","background-media":"","overlay-type":"","overlay-color":"","overlay-opacity":"","overlay-gradient":""},"mobile":{"background-color":"var(--ast-global-color-5)","background-image":"","background-repeat":"repeat","background-position":"center center","background-size":"auto","background-attachment":"scroll","background-type":"","background-media":"","overlay-type":"","overlay-color":"","overlay-opacity":"","overlay-gradient":""}}},"product_brand":[],"product_cat":[20],"product_tag":[],"class_list":{"0":"post-1349","1":"product","2":"type-product","3":"status-publish","4":"has-post-thumbnail","6":"product_cat-learning","7":"desktop-align-left","8":"tablet-align-left","9":"mobile-align-left","11":"first","12":"instock","13":"downloadable","14":"virtual","15":"purchasable","16":"product-type-simple"},"_links":{"self":[{"href":"https:\/\/koockle.com\/sq\/wp-json\/wp\/v2\/product\/1349","targetHints":{"allow":["GET"]}}],"collection":[{"href":"https:\/\/koockle.com\/sq\/wp-json\/wp\/v2\/product"}],"about":[{"href":"https:\/\/koockle.com\/sq\/wp-json\/wp\/v2\/types\/product"}],"wp:featuredmedia":[{"embeddable":true,"href":"https:\/\/koockle.com\/sq\/wp-json\/wp\/v2\/media\/1463"}],"wp:attachment":[{"href":"https:\/\/koockle.com\/sq\/wp-json\/wp\/v2\/media?parent=1349"}],"wp:term":[{"taxonomy":"product_brand","embeddable":true,"href":"https:\/\/koockle.com\/sq\/wp-json\/wp\/v2\/product_brand?post=1349"},{"taxonomy":"product_cat","embeddable":true,"href":"https:\/\/koockle.com\/sq\/wp-json\/wp\/v2\/product_cat?post=1349"},{"taxonomy":"product_tag","embeddable":true,"href":"https:\/\/koockle.com\/sq\/wp-json\/wp\/v2\/product_tag?post=1349"}],"curies":[{"name":"wp","href":"https:\/\/api.w.org\/{rel}","templated":true}]}}