{"id":1251,"date":"2022-10-06T14:26:22","date_gmt":"2022-10-06T14:26:22","guid":{"rendered":"https:\/\/koockle.com\/?post_type=product&#038;p=1251"},"modified":"2023-07-02T19:36:31","modified_gmt":"2023-07-02T19:36:31","slug":"film-directing-basics","status":"publish","type":"product","link":"https:\/\/koockle.com\/sq\/produkt\/film-directing-basics\/","title":{"rendered":"Bazat e regjis\u00eb s\u00eb filmit"},"content":{"rendered":"<p><span style=\"font-weight: 400;\">Ky kurs i dedikohet fillestar\u00ebve q\u00eb duan t\u00eb merren me regjin e filmit. N\u00ebp\u00ebrmjet k\u00ebtij kursi, ata do t\u00eb fitojn\u00eb p\u00ebrmir\u00ebsim bazik t\u00eb shkrim-leximit filmik, do t\u00eb njoftohen me mund\u00ebsit\u00eb e ofruara t\u00eb gjuh\u00ebs s\u00eb filmit, gramatik\u00ebn dhe sintaks\u00ebn e saj por gjithashtu do t\u00eb kuptojn\u00eb rolin e regjisorit n\u00eb krijimin kolektiv t\u00eb nj\u00eb vepre filmike.<\/span><\/p>","protected":false},"excerpt":{"rendered":"<p><span style=\"font-weight: 400;\">Edukator \u2013 Sasha Stanishi\u00e7\u00a0<\/span><\/p>\n<p><span style=\"font-weight: 400;\">Nj\u00ebra nga q\u00ebllimet kryesore t\u00eb k\u00ebtij kursi \u00ebsht\u00eb t\u00eb fitohet kuptim p\u00ebr t\u00eb gjitha segmentet \/ fazat n\u00ebp\u00ebr t\u00eb cilat kalon zhvillimi i nj\u00eb vepre filmike, cili \u00ebsht\u00eb roli i regjisorit dhe cilat jan\u00eb metodat e tij n\u00eb prodhimin e nj\u00eb vepre audiovizuele nga idea deri te projekti p\u00ebrfundimtar. Filmi \u00ebsht\u00eb arti i epok\u00ebs s\u00eb re. Gjuha e filmit \u00ebsht\u00eb e p\u00ebrhapur kudo dhe po b\u00ebhet nj\u00eb gjuh\u00eb audiovizuele globale. Teknologjit\u00eb e reja po e demokratizojn\u00eb prodhimin e filmit dhe krijimi i filmave po b\u00ebhet m\u00eb e qasshme (filmat mund t\u00eb xhirohen edhe me telefon celular!). Mund lirisht t\u00eb themi se njohja e gjuh\u00ebs s\u00eb filmit \u00ebsht\u00eb pjes\u00eb e shkrim-leximit t\u00eb k\u00ebsaj epoke digjitale.<\/span><\/p>","protected":false},"featured_media":1459,"template":"","meta":{"nf_dc_page":"","site-sidebar-layout":"default","site-content-layout":"default","ast-site-content-layout":"default","site-content-style":"default","site-sidebar-style":"default","ast-global-header-display":"","ast-banner-title-visibility":"","ast-main-header-display":"","ast-hfb-above-header-display":"","ast-hfb-below-header-display":"","ast-hfb-mobile-header-display":"","site-post-title":"","ast-breadcrumbs-content":"","ast-featured-img":"","footer-sml-layout":"","ast-disable-related-posts":"","theme-transparent-header-meta":"default","adv-header-id-meta":"","stick-header-meta":"","header-above-stick-meta":"","header-main-stick-meta":"","header-below-stick-meta":"","astra-migrate-meta-layouts":"default","ast-page-background-enabled":"default","ast-page-background-meta":{"desktop":{"background-color":"","background-image":"","background-repeat":"repeat","background-position":"center center","background-size":"auto","background-attachment":"scroll","background-type":"","background-media":"","overlay-type":"","overlay-color":"","overlay-opacity":"","overlay-gradient":""},"tablet":{"background-color":"","background-image":"","background-repeat":"repeat","background-position":"center center","background-size":"auto","background-attachment":"scroll","background-type":"","background-media":"","overlay-type":"","overlay-color":"","overlay-opacity":"","overlay-gradient":""},"mobile":{"background-color":"","background-image":"","background-repeat":"repeat","background-position":"center center","background-size":"auto","background-attachment":"scroll","background-type":"","background-media":"","overlay-type":"","overlay-color":"","overlay-opacity":"","overlay-gradient":""}},"ast-content-background-meta":{"desktop":{"background-color":"var(--ast-global-color-5)","background-image":"","background-repeat":"repeat","background-position":"center center","background-size":"auto","background-attachment":"scroll","background-type":"","background-media":"","overlay-type":"","overlay-color":"","overlay-opacity":"","overlay-gradient":""},"tablet":{"background-color":"var(--ast-global-color-5)","background-image":"","background-repeat":"repeat","background-position":"center center","background-size":"auto","background-attachment":"scroll","background-type":"","background-media":"","overlay-type":"","overlay-color":"","overlay-opacity":"","overlay-gradient":""},"mobile":{"background-color":"var(--ast-global-color-5)","background-image":"","background-repeat":"repeat","background-position":"center center","background-size":"auto","background-attachment":"scroll","background-type":"","background-media":"","overlay-type":"","overlay-color":"","overlay-opacity":"","overlay-gradient":""}}},"product_brand":[],"product_cat":[20],"product_tag":[],"class_list":{"0":"post-1251","1":"product","2":"type-product","3":"status-publish","4":"has-post-thumbnail","6":"product_cat-learning","7":"desktop-align-left","8":"tablet-align-left","9":"mobile-align-left","11":"first","12":"instock","13":"downloadable","14":"virtual","15":"purchasable","16":"product-type-simple"},"_links":{"self":[{"href":"https:\/\/koockle.com\/sq\/wp-json\/wp\/v2\/product\/1251","targetHints":{"allow":["GET"]}}],"collection":[{"href":"https:\/\/koockle.com\/sq\/wp-json\/wp\/v2\/product"}],"about":[{"href":"https:\/\/koockle.com\/sq\/wp-json\/wp\/v2\/types\/product"}],"wp:featuredmedia":[{"embeddable":true,"href":"https:\/\/koockle.com\/sq\/wp-json\/wp\/v2\/media\/1459"}],"wp:attachment":[{"href":"https:\/\/koockle.com\/sq\/wp-json\/wp\/v2\/media?parent=1251"}],"wp:term":[{"taxonomy":"product_brand","embeddable":true,"href":"https:\/\/koockle.com\/sq\/wp-json\/wp\/v2\/product_brand?post=1251"},{"taxonomy":"product_cat","embeddable":true,"href":"https:\/\/koockle.com\/sq\/wp-json\/wp\/v2\/product_cat?post=1251"},{"taxonomy":"product_tag","embeddable":true,"href":"https:\/\/koockle.com\/sq\/wp-json\/wp\/v2\/product_tag?post=1251"}],"curies":[{"name":"wp","href":"https:\/\/api.w.org\/{rel}","templated":true}]}}