{"id":1250,"date":"2022-10-06T14:21:48","date_gmt":"2022-10-06T14:21:48","guid":{"rendered":"https:\/\/koockle.com\/?post_type=product&#038;p=1250"},"modified":"2023-07-02T19:36:32","modified_gmt":"2023-07-02T19:36:32","slug":"photography-basics","status":"publish","type":"product","link":"https:\/\/koockle.com\/sq\/produkt\/photography-basics\/","title":{"rendered":"Bazat e fotografis\u00eb"},"content":{"rendered":"<p><span style=\"font-weight: 400;\">Ai ju udh\u00ebzon n\u00eb bazat e fotografis\u00eb s\u00eb mir\u00eb. Nj\u00eb mund\u00ebsi unike p\u00ebr t\u2019u d\u00ebgjuar fillimi dhe zhvillimi i fotografis\u00eb q\u00eb do t\u00eb ju ndihmoj\u00eb n\u00eb drejtimin q\u00eb do t\u00eb zgjidhni n\u00eb projektet tuaja t\u00eb ardhshme. N\u00eb fund t\u00eb kursit ju do t\u00eb ndjeni q\u00eb ajo q\u00eb e m\u00ebsoni k\u00ebtu nuk \u00ebsht\u00eb vet\u00ebm se si t\u00eb p\u00ebrdorni nj\u00eb aparat fotografik, por nj\u00eb kombinim i artit dhe studimeve teknike n\u00eb fotografi. Temat e p\u00ebrfshira sillen nga zgjedhja e l\u00ebnd\u00ebs suaj deri te p\u00ebrpunimi i fotove tuaja p\u00ebrfundimtare. Pas p\u00ebrfundimit t\u00eb k\u00ebtij kursi, do t\u00eb jeni n\u00eb rrug\u00eb t\u00eb mir\u00eb p\u00ebr t\u2019u b\u00ebr\u00eb nj\u00eb fotograf i shk\u00eblqyer.<\/span><\/p>","protected":false},"excerpt":{"rendered":"<p><span style=\"font-weight: 400;\">Edukatore \u2013 Elena Bojaxhievska Cvetkovska\u00a0<\/span><\/p>\n<p><span style=\"font-weight: 400;\">Ky kurs \u00ebsht\u00eb i dedikuar p\u00ebr t\u00eb gjith\u00eb entuziast\u00ebt q\u00eb duan t\u00eb b\u00ebjn\u00eb fotografi, pavar\u00ebsisht\u00eb nga mosha dhe zhanri n\u00eb t\u00eb cilin duan t\u00eb punojn\u00eb. Kursi i fotografis\u00eb p\u00ebr fillestar\u00ebt do t\u00eb ju d\u00ebrgoj\u00eb n\u00eb nj\u00eb nivel t\u00eb avancuar p\u00ebr nj\u00eb koh\u00eb t\u00eb shkurt\u00ebr dhe do t\u2019i plot\u00ebsoj\u00eb boshll\u00ebqet e njohurive n\u00eb m\u00ebnyr\u00eb q\u00eb t\u00eb mund t\u00eb zbatoni njohurit\u00eb e m\u00ebsuara n\u00eb \u00e7do situat\u00eb.<\/span><\/p>","protected":false},"featured_media":1461,"template":"","meta":{"nf_dc_page":"","site-sidebar-layout":"default","site-content-layout":"default","ast-site-content-layout":"default","site-content-style":"default","site-sidebar-style":"default","ast-global-header-display":"","ast-banner-title-visibility":"","ast-main-header-display":"","ast-hfb-above-header-display":"","ast-hfb-below-header-display":"","ast-hfb-mobile-header-display":"","site-post-title":"","ast-breadcrumbs-content":"","ast-featured-img":"","footer-sml-layout":"","ast-disable-related-posts":"","theme-transparent-header-meta":"default","adv-header-id-meta":"","stick-header-meta":"","header-above-stick-meta":"","header-main-stick-meta":"","header-below-stick-meta":"","astra-migrate-meta-layouts":"default","ast-page-background-enabled":"default","ast-page-background-meta":{"desktop":{"background-color":"","background-image":"","background-repeat":"repeat","background-position":"center center","background-size":"auto","background-attachment":"scroll","background-type":"","background-media":"","overlay-type":"","overlay-color":"","overlay-opacity":"","overlay-gradient":""},"tablet":{"background-color":"","background-image":"","background-repeat":"repeat","background-position":"center center","background-size":"auto","background-attachment":"scroll","background-type":"","background-media":"","overlay-type":"","overlay-color":"","overlay-opacity":"","overlay-gradient":""},"mobile":{"background-color":"","background-image":"","background-repeat":"repeat","background-position":"center center","background-size":"auto","background-attachment":"scroll","background-type":"","background-media":"","overlay-type":"","overlay-color":"","overlay-opacity":"","overlay-gradient":""}},"ast-content-background-meta":{"desktop":{"background-color":"var(--ast-global-color-5)","background-image":"","background-repeat":"repeat","background-position":"center center","background-size":"auto","background-attachment":"scroll","background-type":"","background-media":"","overlay-type":"","overlay-color":"","overlay-opacity":"","overlay-gradient":""},"tablet":{"background-color":"var(--ast-global-color-5)","background-image":"","background-repeat":"repeat","background-position":"center center","background-size":"auto","background-attachment":"scroll","background-type":"","background-media":"","overlay-type":"","overlay-color":"","overlay-opacity":"","overlay-gradient":""},"mobile":{"background-color":"var(--ast-global-color-5)","background-image":"","background-repeat":"repeat","background-position":"center center","background-size":"auto","background-attachment":"scroll","background-type":"","background-media":"","overlay-type":"","overlay-color":"","overlay-opacity":"","overlay-gradient":""}}},"product_brand":[],"product_cat":[20],"product_tag":[],"class_list":{"0":"post-1250","1":"product","2":"type-product","3":"status-publish","4":"has-post-thumbnail","6":"product_cat-learning","7":"desktop-align-left","8":"tablet-align-left","9":"mobile-align-left","11":"first","12":"instock","13":"downloadable","14":"virtual","15":"purchasable","16":"product-type-simple"},"_links":{"self":[{"href":"https:\/\/koockle.com\/sq\/wp-json\/wp\/v2\/product\/1250","targetHints":{"allow":["GET"]}}],"collection":[{"href":"https:\/\/koockle.com\/sq\/wp-json\/wp\/v2\/product"}],"about":[{"href":"https:\/\/koockle.com\/sq\/wp-json\/wp\/v2\/types\/product"}],"wp:featuredmedia":[{"embeddable":true,"href":"https:\/\/koockle.com\/sq\/wp-json\/wp\/v2\/media\/1461"}],"wp:attachment":[{"href":"https:\/\/koockle.com\/sq\/wp-json\/wp\/v2\/media?parent=1250"}],"wp:term":[{"taxonomy":"product_brand","embeddable":true,"href":"https:\/\/koockle.com\/sq\/wp-json\/wp\/v2\/product_brand?post=1250"},{"taxonomy":"product_cat","embeddable":true,"href":"https:\/\/koockle.com\/sq\/wp-json\/wp\/v2\/product_cat?post=1250"},{"taxonomy":"product_tag","embeddable":true,"href":"https:\/\/koockle.com\/sq\/wp-json\/wp\/v2\/product_tag?post=1250"}],"curies":[{"name":"wp","href":"https:\/\/api.w.org\/{rel}","templated":true}]}}