{"id":1248,"date":"2022-10-06T14:16:50","date_gmt":"2022-10-06T14:16:50","guid":{"rendered":"https:\/\/koockle.com\/?post_type=product&#038;p=1248"},"modified":"2023-07-02T19:36:32","modified_gmt":"2023-07-02T19:36:32","slug":"editing-basics","status":"publish","type":"product","link":"https:\/\/koockle.com\/sq\/produkt\/editing-basics\/","title":{"rendered":"Bazat e montazh\u00ebs"},"content":{"rendered":"<p><span style=\"font-weight: 400;\">N\u00eb m\u00ebsimet vijuese do t\u00eb njiheni me t\u00eb gjitha zgjidhjet baz\u00eb t\u00eb montazh\u00ebs si dhe kur dhe ku aplikohen, gj\u00eb q\u00eb \u00ebsht\u00eb e nevojshme p\u00ebr t\u00eb ju ndihmuar n\u00eb p\u00ebrpunimin e veprave tuaja kreative audio vizuele. <\/span><\/p>","protected":false},"excerpt":{"rendered":"<p><span style=\"font-weight: 400;\">Edukator Blazhe Dulev\u00a0<\/span><\/p>\n<p><span style=\"font-weight: 400;\">Q\u00ebllimi kryesor i k\u00ebtij kursi \u00ebsht\u00eb t\u00eb kuptohet se \u00e7ka paraqet Montazha si proces n\u00eb prodhimin e nj\u00eb vepre audiovizuele, p\u00ebrmes fazave q\u00eb kalojn\u00eb duke u njohur me t\u00eb gjitha termet n\u00eb procesin q\u00eb m\u00eb pas t\u00eb b\u00ebj zbatimin e tyre q\u00eb t\u00eb jen\u00eb m\u00eb t\u00eb qarta p\u00ebr t\u00eb gjith\u00eb entuziast\u00ebt t\u00eb cil\u00ebt duan t\u00eb njoftohen me Montazh\u00ebn si proces. Njoftohemi me kuptimin e termeve n\u00eb gjuh\u00ebn e filmit dhe zbatimin e tij n\u00ebp\u00ebrmjet t\u00eb gjith\u00eb komponent\u00ebve t\u00eb s\u00eb njejt\u00ebs gjuh\u00eb. Ky kurs i dedikohet fillestar\u00ebve q\u00eb duan t\u00eb merren me Montazh\u00ebn duke njohur historin\u00eb dhe zhvillimin e saj p\u00ebrmes shembujve adekuat t\u00eb njohur t\u00eb filmit. <\/span><\/p>","protected":false},"featured_media":1458,"template":"","meta":{"nf_dc_page":"","site-sidebar-layout":"default","site-content-layout":"default","ast-site-content-layout":"default","site-content-style":"default","site-sidebar-style":"default","ast-global-header-display":"","ast-banner-title-visibility":"","ast-main-header-display":"","ast-hfb-above-header-display":"","ast-hfb-below-header-display":"","ast-hfb-mobile-header-display":"","site-post-title":"","ast-breadcrumbs-content":"","ast-featured-img":"","footer-sml-layout":"","ast-disable-related-posts":"","theme-transparent-header-meta":"default","adv-header-id-meta":"","stick-header-meta":"","header-above-stick-meta":"","header-main-stick-meta":"","header-below-stick-meta":"","astra-migrate-meta-layouts":"default","ast-page-background-enabled":"default","ast-page-background-meta":{"desktop":{"background-color":"","background-image":"","background-repeat":"repeat","background-position":"center center","background-size":"auto","background-attachment":"scroll","background-type":"","background-media":"","overlay-type":"","overlay-color":"","overlay-opacity":"","overlay-gradient":""},"tablet":{"background-color":"","background-image":"","background-repeat":"repeat","background-position":"center center","background-size":"auto","background-attachment":"scroll","background-type":"","background-media":"","overlay-type":"","overlay-color":"","overlay-opacity":"","overlay-gradient":""},"mobile":{"background-color":"","background-image":"","background-repeat":"repeat","background-position":"center center","background-size":"auto","background-attachment":"scroll","background-type":"","background-media":"","overlay-type":"","overlay-color":"","overlay-opacity":"","overlay-gradient":""}},"ast-content-background-meta":{"desktop":{"background-color":"var(--ast-global-color-5)","background-image":"","background-repeat":"repeat","background-position":"center center","background-size":"auto","background-attachment":"scroll","background-type":"","background-media":"","overlay-type":"","overlay-color":"","overlay-opacity":"","overlay-gradient":""},"tablet":{"background-color":"var(--ast-global-color-5)","background-image":"","background-repeat":"repeat","background-position":"center center","background-size":"auto","background-attachment":"scroll","background-type":"","background-media":"","overlay-type":"","overlay-color":"","overlay-opacity":"","overlay-gradient":""},"mobile":{"background-color":"var(--ast-global-color-5)","background-image":"","background-repeat":"repeat","background-position":"center center","background-size":"auto","background-attachment":"scroll","background-type":"","background-media":"","overlay-type":"","overlay-color":"","overlay-opacity":"","overlay-gradient":""}}},"product_brand":[],"product_cat":[20],"product_tag":[],"class_list":{"0":"post-1248","1":"product","2":"type-product","3":"status-publish","4":"has-post-thumbnail","6":"product_cat-learning","7":"desktop-align-left","8":"tablet-align-left","9":"mobile-align-left","11":"first","12":"instock","13":"downloadable","14":"virtual","15":"purchasable","16":"product-type-simple"},"_links":{"self":[{"href":"https:\/\/koockle.com\/sq\/wp-json\/wp\/v2\/product\/1248","targetHints":{"allow":["GET"]}}],"collection":[{"href":"https:\/\/koockle.com\/sq\/wp-json\/wp\/v2\/product"}],"about":[{"href":"https:\/\/koockle.com\/sq\/wp-json\/wp\/v2\/types\/product"}],"wp:featuredmedia":[{"embeddable":true,"href":"https:\/\/koockle.com\/sq\/wp-json\/wp\/v2\/media\/1458"}],"wp:attachment":[{"href":"https:\/\/koockle.com\/sq\/wp-json\/wp\/v2\/media?parent=1248"}],"wp:term":[{"taxonomy":"product_brand","embeddable":true,"href":"https:\/\/koockle.com\/sq\/wp-json\/wp\/v2\/product_brand?post=1248"},{"taxonomy":"product_cat","embeddable":true,"href":"https:\/\/koockle.com\/sq\/wp-json\/wp\/v2\/product_cat?post=1248"},{"taxonomy":"product_tag","embeddable":true,"href":"https:\/\/koockle.com\/sq\/wp-json\/wp\/v2\/product_tag?post=1248"}],"curies":[{"name":"wp","href":"https:\/\/api.w.org\/{rel}","templated":true}]}}