{"id":1246,"date":"2022-10-06T14:07:27","date_gmt":"2022-10-06T14:07:27","guid":{"rendered":"https:\/\/koockle.com\/?post_type=product&#038;p=1246"},"modified":"2023-07-02T19:36:32","modified_gmt":"2023-07-02T19:36:32","slug":"basics-of-programing","status":"publish","type":"product","link":"https:\/\/koockle.com\/sq\/produkt\/basics-of-programing\/","title":{"rendered":"Bazat e programimit"},"content":{"rendered":"<p>Pa u fokusuar n\u00eb gjuh\u00eb specifike t\u00eb programimit ose n\u00eb nj\u00eb domen t\u00eb caktuar programimi, p\u00ebrmes shembujve praktik dhe analogjive do t\u00eb paraqitet domeni baz\u00eb i problemeve q\u00eb programimi kompjuterik synon t\u2019i zgjidh. Do t\u00eb diskutohet mentaliteti i cili duhet t\u00eb zhvillohet q\u00eb t\u00eb zgjidhen problemet n\u00eb m\u00ebnyr\u00eb q\u00eb t\u00eb mund t\u00eb shprehet n\u00eb form\u00ebn e softuerit. Nuk k\u00ebrkohen njohurit\u00eb paraprake t\u00eb programimit ose shkencave kompjuterike, kursi i dedikohet fillestar\u00ebve absolut. Nuk do t\u00eb m\u00ebsoni t\u00eb programoni, por do t\u00eb m\u00ebsoni si t\u00eb mendoni n\u00eb m\u00ebnyr\u00ebn e nj\u00eb programuesi, q\u00eb \u00ebsht\u00eb baza m\u00eb e r\u00ebnd\u00ebsishme p\u00ebr specializim t\u00eb m\u00ebtejsh\u00ebm.<\/p>","protected":false},"excerpt":{"rendered":"<p><span style=\"font-weight: 400;\">Edukator \u2013 Petar Kotevski\u00a0<\/span><\/p>\n<p><span style=\"font-weight: 400;\">Q\u00ebllimi kryesor i k\u00ebtij mini-kursi \u00ebsht\u00eb t\u00eb vendos bazat logjike t\u00eb cilat i nevojitet nj\u00eb personi q\u00eb \u00ebsht\u00eb i interesuar q\u00eb t\u00eb merret me m\u00ebsimin e programimit \u2013 \u00e7do lloj programimi. <\/span><\/p>","protected":false},"featured_media":1454,"template":"","meta":{"nf_dc_page":"","site-sidebar-layout":"default","site-content-layout":"default","ast-site-content-layout":"default","site-content-style":"default","site-sidebar-style":"default","ast-global-header-display":"","ast-banner-title-visibility":"","ast-main-header-display":"","ast-hfb-above-header-display":"","ast-hfb-below-header-display":"","ast-hfb-mobile-header-display":"","site-post-title":"","ast-breadcrumbs-content":"","ast-featured-img":"","footer-sml-layout":"","ast-disable-related-posts":"","theme-transparent-header-meta":"default","adv-header-id-meta":"","stick-header-meta":"","header-above-stick-meta":"","header-main-stick-meta":"","header-below-stick-meta":"","astra-migrate-meta-layouts":"default","ast-page-background-enabled":"default","ast-page-background-meta":{"desktop":{"background-color":"","background-image":"","background-repeat":"repeat","background-position":"center center","background-size":"auto","background-attachment":"scroll","background-type":"","background-media":"","overlay-type":"","overlay-color":"","overlay-opacity":"","overlay-gradient":""},"tablet":{"background-color":"","background-image":"","background-repeat":"repeat","background-position":"center center","background-size":"auto","background-attachment":"scroll","background-type":"","background-media":"","overlay-type":"","overlay-color":"","overlay-opacity":"","overlay-gradient":""},"mobile":{"background-color":"","background-image":"","background-repeat":"repeat","background-position":"center center","background-size":"auto","background-attachment":"scroll","background-type":"","background-media":"","overlay-type":"","overlay-color":"","overlay-opacity":"","overlay-gradient":""}},"ast-content-background-meta":{"desktop":{"background-color":"var(--ast-global-color-5)","background-image":"","background-repeat":"repeat","background-position":"center center","background-size":"auto","background-attachment":"scroll","background-type":"","background-media":"","overlay-type":"","overlay-color":"","overlay-opacity":"","overlay-gradient":""},"tablet":{"background-color":"var(--ast-global-color-5)","background-image":"","background-repeat":"repeat","background-position":"center center","background-size":"auto","background-attachment":"scroll","background-type":"","background-media":"","overlay-type":"","overlay-color":"","overlay-opacity":"","overlay-gradient":""},"mobile":{"background-color":"var(--ast-global-color-5)","background-image":"","background-repeat":"repeat","background-position":"center center","background-size":"auto","background-attachment":"scroll","background-type":"","background-media":"","overlay-type":"","overlay-color":"","overlay-opacity":"","overlay-gradient":""}}},"product_brand":[],"product_cat":[20],"product_tag":[],"class_list":{"0":"post-1246","1":"product","2":"type-product","3":"status-publish","4":"has-post-thumbnail","6":"product_cat-learning","7":"desktop-align-left","8":"tablet-align-left","9":"mobile-align-left","11":"first","12":"instock","13":"virtual","14":"purchasable","15":"product-type-simple"},"_links":{"self":[{"href":"https:\/\/koockle.com\/sq\/wp-json\/wp\/v2\/product\/1246","targetHints":{"allow":["GET"]}}],"collection":[{"href":"https:\/\/koockle.com\/sq\/wp-json\/wp\/v2\/product"}],"about":[{"href":"https:\/\/koockle.com\/sq\/wp-json\/wp\/v2\/types\/product"}],"wp:featuredmedia":[{"embeddable":true,"href":"https:\/\/koockle.com\/sq\/wp-json\/wp\/v2\/media\/1454"}],"wp:attachment":[{"href":"https:\/\/koockle.com\/sq\/wp-json\/wp\/v2\/media?parent=1246"}],"wp:term":[{"taxonomy":"product_brand","embeddable":true,"href":"https:\/\/koockle.com\/sq\/wp-json\/wp\/v2\/product_brand?post=1246"},{"taxonomy":"product_cat","embeddable":true,"href":"https:\/\/koockle.com\/sq\/wp-json\/wp\/v2\/product_cat?post=1246"},{"taxonomy":"product_tag","embeddable":true,"href":"https:\/\/koockle.com\/sq\/wp-json\/wp\/v2\/product_tag?post=1246"}],"curies":[{"name":"wp","href":"https:\/\/api.w.org\/{rel}","templated":true}]}}