{"id":1001,"date":"2022-05-26T11:32:08","date_gmt":"2022-05-26T11:32:08","guid":{"rendered":"https:\/\/agroptima.net\/kookle\/product\/social-media-and-their-management\/"},"modified":"2023-07-02T19:36:33","modified_gmt":"2023-07-02T19:36:33","slug":"social-media-and-their-management","status":"publish","type":"product","link":"https:\/\/koockle.com\/sq\/produkt\/social-media-and-their-management\/","title":{"rendered":"Mediat sociale dhe menaxhimi i tyre"},"content":{"rendered":"<p><span style=\"font-weight: 400;\">Ai do t\u00eb ju jap udh\u00ebzime p\u00ebr t\u00eb ditur se si t\u00eb zgjidhni kanalet tuaja m\u00eb efektive, si t\u00eb gjeni klientin tuaj, si t\u00eb komunikoni dhe krijoni p\u00ebrmbajtje dhe n\u00eb fund si t\u00eb shisni veprat tuaja. Pas p\u00ebrfundimit t\u00eb k\u00ebtij kursi, do t\u00eb jeni n\u00eb gjendje n\u00eb m\u00ebnyr\u00eb t\u00eb pavarur t\u00eb menaxhoni me mediat tuaja sociale.<\/span><\/p>","protected":false},"excerpt":{"rendered":"<p><span style=\"font-weight: 400;\">Edukator Dimitar Jovevski\u00a0<\/span><\/p>\n<p><span style=\"font-weight: 400;\">Ky kurs i dedikohet t\u00eb gjitha mendjeve q\u00eb punojn\u00eb n\u00eb industrin\u00eb kreative. Me ose pa p\u00ebrvoj\u00eb t\u00eb m\u00ebparshme, ky kurs do t\u00eb ju ndihmoj\u00eb si t\u00eb shfryt\u00ebzoni p\u00ebrfitimet nga teknologjit\u00eb digjitale p\u00ebr t\u00eb komunikuar, reklamuar dhe fituar para nga veprat tuaja.\u00a0<\/span><\/p>","protected":false},"featured_media":1462,"template":"","meta":{"nf_dc_page":"","site-sidebar-layout":"default","site-content-layout":"default","ast-site-content-layout":"default","site-content-style":"default","site-sidebar-style":"default","ast-global-header-display":"","ast-banner-title-visibility":"","ast-main-header-display":"","ast-hfb-above-header-display":"","ast-hfb-below-header-display":"","ast-hfb-mobile-header-display":"","site-post-title":"","ast-breadcrumbs-content":"","ast-featured-img":"","footer-sml-layout":"","ast-disable-related-posts":"","theme-transparent-header-meta":"default","adv-header-id-meta":"","stick-header-meta":"","header-above-stick-meta":"","header-main-stick-meta":"","header-below-stick-meta":"","astra-migrate-meta-layouts":"default","ast-page-background-enabled":"default","ast-page-background-meta":{"desktop":{"background-color":"","background-image":"","background-repeat":"repeat","background-position":"center center","background-size":"auto","background-attachment":"scroll","background-type":"","background-media":"","overlay-type":"","overlay-color":"","overlay-opacity":"","overlay-gradient":""},"tablet":{"background-color":"","background-image":"","background-repeat":"repeat","background-position":"center center","background-size":"auto","background-attachment":"scroll","background-type":"","background-media":"","overlay-type":"","overlay-color":"","overlay-opacity":"","overlay-gradient":""},"mobile":{"background-color":"","background-image":"","background-repeat":"repeat","background-position":"center center","background-size":"auto","background-attachment":"scroll","background-type":"","background-media":"","overlay-type":"","overlay-color":"","overlay-opacity":"","overlay-gradient":""}},"ast-content-background-meta":{"desktop":{"background-color":"var(--ast-global-color-5)","background-image":"","background-repeat":"repeat","background-position":"center center","background-size":"auto","background-attachment":"scroll","background-type":"","background-media":"","overlay-type":"","overlay-color":"","overlay-opacity":"","overlay-gradient":""},"tablet":{"background-color":"var(--ast-global-color-5)","background-image":"","background-repeat":"repeat","background-position":"center center","background-size":"auto","background-attachment":"scroll","background-type":"","background-media":"","overlay-type":"","overlay-color":"","overlay-opacity":"","overlay-gradient":""},"mobile":{"background-color":"var(--ast-global-color-5)","background-image":"","background-repeat":"repeat","background-position":"center center","background-size":"auto","background-attachment":"scroll","background-type":"","background-media":"","overlay-type":"","overlay-color":"","overlay-opacity":"","overlay-gradient":""}}},"product_brand":[],"product_cat":[20],"product_tag":[],"class_list":{"0":"post-1001","1":"product","2":"type-product","3":"status-publish","4":"has-post-thumbnail","6":"product_cat-learning","7":"desktop-align-left","8":"tablet-align-left","9":"mobile-align-left","11":"first","12":"instock","13":"downloadable","14":"virtual","15":"purchasable","16":"product-type-simple"},"_links":{"self":[{"href":"https:\/\/koockle.com\/sq\/wp-json\/wp\/v2\/product\/1001","targetHints":{"allow":["GET"]}}],"collection":[{"href":"https:\/\/koockle.com\/sq\/wp-json\/wp\/v2\/product"}],"about":[{"href":"https:\/\/koockle.com\/sq\/wp-json\/wp\/v2\/types\/product"}],"wp:featuredmedia":[{"embeddable":true,"href":"https:\/\/koockle.com\/sq\/wp-json\/wp\/v2\/media\/1462"}],"wp:attachment":[{"href":"https:\/\/koockle.com\/sq\/wp-json\/wp\/v2\/media?parent=1001"}],"wp:term":[{"taxonomy":"product_brand","embeddable":true,"href":"https:\/\/koockle.com\/sq\/wp-json\/wp\/v2\/product_brand?post=1001"},{"taxonomy":"product_cat","embeddable":true,"href":"https:\/\/koockle.com\/sq\/wp-json\/wp\/v2\/product_cat?post=1001"},{"taxonomy":"product_tag","embeddable":true,"href":"https:\/\/koockle.com\/sq\/wp-json\/wp\/v2\/product_tag?post=1001"}],"curies":[{"name":"wp","href":"https:\/\/api.w.org\/{rel}","templated":true}]}}